{"id":180,"date":"2024-02-11T17:27:37","date_gmt":"2024-02-11T16:27:37","guid":{"rendered":"https:\/\/reflexologue-nathalie-chabin.fr\/?page_id=180"},"modified":"2026-01-25T18:22:22","modified_gmt":"2026-01-25T17:22:22","slug":"les-soins-2","status":"publish","type":"page","link":"https:\/\/reflexologue-nathalie-chabin.fr\/index.php\/les-soins-2\/","title":{"rendered":"Les soins"},"content":{"rendered":"\n<ul class=\"wp-block-list\">\n<li><a href=\"https:\/\/reflexologue-nathalie-chabin.fr\/index.php\/seance-de-reflexologie-personnalisee\/\">S\u00e9ance de r\u00e9flexologie personnalis\u00e9e<\/a><\/li>\n\n\n\n<li><a href=\"https:\/\/reflexologue-nathalie-chabin.fr\/index.php\/reflexologie-specifique-pour-les-seniors\/\">R\u00e9flexologie sp\u00e9cifique pour les s\u00e9niors<\/a><\/li>\n\n\n\n<li><a href=\"https:\/\/reflexologue-nathalie-chabin.fr\/index.php\/reflexologie-et-soins-de-support\/\" title=\"\">R\u00e9flexologie et soins de support<\/a><\/li>\n\n\n\n<li><a href=\"https:\/\/reflexologue-nathalie-chabin.fr\/index.php\/cures-un-moment-pour-soi\/\">Cures un moment pour soi<\/a><\/li>\n\n\n\n<li><a href=\"https:\/\/reflexologue-nathalie-chabin.fr\/index.php\/offrir-un-soin\/\">Offrir un soin<\/a><\/li>\n\n\n\n<li><a href=\"https:\/\/reflexologue-nathalie-chabin.fr\/index.php\/atelier-dauto-reflexologie\/\" title=\"Atelier d\u2019auto-r\u00e9flexologie\">Atelier d&#8217;auto-r\u00e9flexologie<\/a><\/li>\n\n\n\n<li><a href=\"https:\/\/reflexologue-nathalie-chabin.fr\/index.php\/la-reflexologie-en-entreprise\/\" title=\"La r\u00e9flexologie en entreprise\">La r\u00e9flexologie en entreprise<\/a><\/li>\n<\/ul>\n\n\n\n<p><\/p>\n","protected":false},"excerpt":{"rendered":"","protected":false},"author":1,"featured_media":0,"parent":0,"menu_order":0,"comment_status":"closed","ping_status":"closed","template":"","meta":{"om_disable_all_campaigns":false,"_monsterinsights_skip_tracking":false,"_monsterinsights_sitenote_active":false,"_monsterinsights_sitenote_note":"","_monsterinsights_sitenote_category":0,"footnotes":""},"class_list":["post-180","page","type-page","status-publish","hentry"],"aioseo_notices":[],"_links":{"self":[{"href":"https:\/\/reflexologue-nathalie-chabin.fr\/index.php\/wp-json\/wp\/v2\/pages\/180","targetHints":{"allow":["GET"]}}],"collection":[{"href":"https:\/\/reflexologue-nathalie-chabin.fr\/index.php\/wp-json\/wp\/v2\/pages"}],"about":[{"href":"https:\/\/reflexologue-nathalie-chabin.fr\/index.php\/wp-json\/wp\/v2\/types\/page"}],"author":[{"embeddable":true,"href":"https:\/\/reflexologue-nathalie-chabin.fr\/index.php\/wp-json\/wp\/v2\/users\/1"}],"replies":[{"embeddable":true,"href":"https:\/\/reflexologue-nathalie-chabin.fr\/index.php\/wp-json\/wp\/v2\/comments?post=180"}],"version-history":[{"count":10,"href":"https:\/\/reflexologue-nathalie-chabin.fr\/index.php\/wp-json\/wp\/v2\/pages\/180\/revisions"}],"predecessor-version":[{"id":700,"href":"https:\/\/reflexologue-nathalie-chabin.fr\/index.php\/wp-json\/wp\/v2\/pages\/180\/revisions\/700"}],"wp:attachment":[{"href":"https:\/\/reflexologue-nathalie-chabin.fr\/index.php\/wp-json\/wp\/v2\/media?parent=180"}],"curies":[{"name":"wp","href":"https:\/\/api.w.org\/{rel}","templated":true}]}}