{"id":178,"date":"2024-02-11T17:25:47","date_gmt":"2024-02-11T16:25:47","guid":{"rendered":"https:\/\/reflexologue-nathalie-chabin.fr\/?page_id=178"},"modified":"2024-11-17T14:49:19","modified_gmt":"2024-11-17T13:49:19","slug":"offrir-un-soin","status":"publish","type":"page","link":"https:\/\/reflexologue-nathalie-chabin.fr\/index.php\/offrir-un-soin\/","title":{"rendered":"Offrir un soin"},"content":{"rendered":"\n<p><strong>Osez offrir un soin sp\u00e9cifique !<\/strong><\/p>\n\n\n\n<p>Offrir un bon cadeau de r\u00e9flexologie est une mani\u00e8re attentionn\u00e9e de montrer \u00e0 quelqu&#8217;un que vous tenez \u00e0 sa d\u00e9tente et \u00e0 son bien-\u00eatre.<\/p>\n\n\n\n<p>Bon cadeau valable 3 mois, envoi postal ou \u00e0 retirer au cabinet (r\u00e8glement par ch\u00e8que, carte bancaire ou esp\u00e8ces).<\/p>\n\n\n\n<div class=\"wp-block-columns is-layout-flex wp-container-core-columns-is-layout-9d6595d7 wp-block-columns-is-layout-flex\">\n<div class=\"wp-block-column is-layout-flow wp-block-column-is-layout-flow\" style=\"flex-basis:33.33%\">\n<figure class=\"wp-block-gallery has-nested-images columns-default is-cropped wp-block-gallery-1 is-layout-flex wp-block-gallery-is-layout-flex\">\n<figure class=\"wp-block-image size-large\"><img loading=\"lazy\" decoding=\"async\" width=\"636\" height=\"640\" data-id=\"391\" src=\"https:\/\/reflexologue-nathalie-chabin.fr\/wp-content\/uploads\/2024\/02\/BON-KDO1.jpg\" alt=\"Reflexologue Nathalie Chabin bon cadeau\" class=\"wp-image-391\" srcset=\"https:\/\/reflexologue-nathalie-chabin.fr\/wp-content\/uploads\/2024\/02\/BON-KDO1.jpg 636w, https:\/\/reflexologue-nathalie-chabin.fr\/wp-content\/uploads\/2024\/02\/BON-KDO1-298x300.jpg 298w, https:\/\/reflexologue-nathalie-chabin.fr\/wp-content\/uploads\/2024\/02\/BON-KDO1-150x150.jpg 150w, https:\/\/reflexologue-nathalie-chabin.fr\/wp-content\/uploads\/2024\/02\/BON-KDO1-60x60.jpg 60w\" sizes=\"auto, (max-width: 636px) 100vw, 636px\" \/><\/figure>\n<\/figure>\n<\/div>\n\n\n\n<div class=\"wp-block-column is-layout-flow wp-block-column-is-layout-flow\" style=\"flex-basis:66.66%\">\n<ul class=\"wp-block-list\">\n<li><strong>S\u00e9ance de r\u00e9flexologie personnalis\u00e9e<\/strong> <strong>:  50\u20ac<\/strong> <br>Recommand\u00e9e pour une relaxation approfondie et un travail plus cibl\u00e9 sur les zones du corps.<br><\/li>\n\n\n\n<li><strong>Cure \u00ab Un moment pour soi \u00bb (3 s\u00e9ances sur 21 jours) : 135\u20ac<\/strong><br>Recommand\u00e9e pour prendre soin de soi, que ce soit pour une d\u00e9toxification, un r\u00e9\u00e9quilibrage \u00e9nerg\u00e9tique ou simplement pour se ressourcer. Elle permet de sortir du quotidien, de se reconnecter \u00e0 son corps, \u00e0 son esprit et de se sentir avec plus d&#8217;\u00e9nergie et de s\u00e9r\u00e9nit\u00e9.<\/li>\n<\/ul>\n<\/div>\n<\/div>\n","protected":false},"excerpt":{"rendered":"<p>Osez offrir un soin sp\u00e9cifique ! Offrir un bon cadeau de r\u00e9flexologie est une mani\u00e8re attentionn\u00e9e de montrer \u00e0 quelqu&#8217;un que vous tenez \u00e0 sa d\u00e9tente et \u00e0 son bien-\u00eatre. &hellip; <\/p>\n","protected":false},"author":1,"featured_media":0,"parent":0,"menu_order":0,"comment_status":"closed","ping_status":"closed","template":"","meta":{"om_disable_all_campaigns":false,"_monsterinsights_skip_tracking":false,"_monsterinsights_sitenote_active":false,"_monsterinsights_sitenote_note":"","_monsterinsights_sitenote_category":0,"footnotes":""},"class_list":["post-178","page","type-page","status-publish","hentry"],"aioseo_notices":[],"_links":{"self":[{"href":"https:\/\/reflexologue-nathalie-chabin.fr\/index.php\/wp-json\/wp\/v2\/pages\/178","targetHints":{"allow":["GET"]}}],"collection":[{"href":"https:\/\/reflexologue-nathalie-chabin.fr\/index.php\/wp-json\/wp\/v2\/pages"}],"about":[{"href":"https:\/\/reflexologue-nathalie-chabin.fr\/index.php\/wp-json\/wp\/v2\/types\/page"}],"author":[{"embeddable":true,"href":"https:\/\/reflexologue-nathalie-chabin.fr\/index.php\/wp-json\/wp\/v2\/users\/1"}],"replies":[{"embeddable":true,"href":"https:\/\/reflexologue-nathalie-chabin.fr\/index.php\/wp-json\/wp\/v2\/comments?post=178"}],"version-history":[{"count":14,"href":"https:\/\/reflexologue-nathalie-chabin.fr\/index.php\/wp-json\/wp\/v2\/pages\/178\/revisions"}],"predecessor-version":[{"id":492,"href":"https:\/\/reflexologue-nathalie-chabin.fr\/index.php\/wp-json\/wp\/v2\/pages\/178\/revisions\/492"}],"wp:attachment":[{"href":"https:\/\/reflexologue-nathalie-chabin.fr\/index.php\/wp-json\/wp\/v2\/media?parent=178"}],"curies":[{"name":"wp","href":"https:\/\/api.w.org\/{rel}","templated":true}]}}