{"id":173,"date":"2024-02-11T17:21:26","date_gmt":"2024-02-11T16:21:26","guid":{"rendered":"https:\/\/reflexologue-nathalie-chabin.fr\/?page_id=173"},"modified":"2025-12-04T11:15:06","modified_gmt":"2025-12-04T10:15:06","slug":"reflexologie-specifique-pour-les-seniors","status":"publish","type":"page","link":"https:\/\/reflexologue-nathalie-chabin.fr\/index.php\/reflexologie-specifique-pour-les-seniors\/","title":{"rendered":"R\u00e9flexologie sp\u00e9cifique pour les s\u00e9niors"},"content":{"rendered":"\n<p><strong>&#8220;Bien vieillir&#8221;<\/strong><\/p>\n\n\n\n<p>S\u00e9ance bien-\u00eatre du corps et de l&#8217;esprit. Un accompagnement sp\u00e9cifique tout en bienveillance.<\/p>\n\n\n\n<div class=\"wp-block-columns is-layout-flex wp-container-core-columns-is-layout-9d6595d7 wp-block-columns-is-layout-flex\">\n<div class=\"wp-block-column is-layout-flow wp-block-column-is-layout-flow\" style=\"flex-basis:33.33%\">\n<figure class=\"wp-block-image size-large is-resized\"><img loading=\"lazy\" decoding=\"async\" width=\"1024\" height=\"512\" src=\"https:\/\/reflexologue-nathalie-chabin.fr\/wp-content\/uploads\/2024\/02\/PERSONNES-AGEES-activites-1024x512.jpg\" alt=\"\" class=\"wp-image-256\" style=\"width:284px;height:142px\" srcset=\"https:\/\/reflexologue-nathalie-chabin.fr\/wp-content\/uploads\/2024\/02\/PERSONNES-AGEES-activites-1024x512.jpg 1024w, https:\/\/reflexologue-nathalie-chabin.fr\/wp-content\/uploads\/2024\/02\/PERSONNES-AGEES-activites-300x150.jpg 300w, https:\/\/reflexologue-nathalie-chabin.fr\/wp-content\/uploads\/2024\/02\/PERSONNES-AGEES-activites-768x384.jpg 768w, https:\/\/reflexologue-nathalie-chabin.fr\/wp-content\/uploads\/2024\/02\/PERSONNES-AGEES-activites-1536x768.jpg 1536w, https:\/\/reflexologue-nathalie-chabin.fr\/wp-content\/uploads\/2024\/02\/PERSONNES-AGEES-activites-120x60.jpg 120w, https:\/\/reflexologue-nathalie-chabin.fr\/wp-content\/uploads\/2024\/02\/PERSONNES-AGEES-activites.jpg 2000w\" sizes=\"auto, (max-width: 1024px) 100vw, 1024px\" \/><\/figure>\n<\/div>\n\n\n\n<div class=\"wp-block-column is-layout-flow wp-block-column-is-layout-flow\" style=\"flex-basis:66.66%\">\n<p>Les seniors ont particuli\u00e8rement besoin d\u2019attention puisqu\u2019ils rencontrent de nombreux troubles avec l\u2019\u00e2ge. Pour les aider \u00e0 bien vieillir en soulageant douleurs et incertitudes, la r\u00e9flexologie est particuli\u00e8rement indiqu\u00e9e.<\/p>\n<\/div>\n<\/div>\n\n\n\n<p>Voici quelques avantages potentiels de la r\u00e9flexologie pour les seniors :<\/p>\n\n\n\n<ul class=\"wp-block-list\">\n<li><strong>Am\u00e9lioration de la circulation sanguine<\/strong> : La stimulation des points de r\u00e9flexologie peut aider \u00e0 am\u00e9liorer la circulation, ce qui est particuli\u00e8rement b\u00e9n\u00e9fique pour les seniors qui peuvent souffrir de probl\u00e8mes circulatoires.<\/li>\n\n\n\n<li><strong>R\u00e9duction du stress et de l&#8217;anxi\u00e9t\u00e9<\/strong> : La r\u00e9flexologie peut aider \u00e0 r\u00e9duire le stress et l&#8217;anxi\u00e9t\u00e9 en favorisant la relaxation. Pour les seniors, cela peut contribuer \u00e0 am\u00e9liorer la qualit\u00e9 du sommeil et \u00e0 r\u00e9duire les sentiments de solitude ou de d\u00e9pression.<\/li>\n\n\n\n<li><strong>Soulagement de la douleur<\/strong> : Cette pratique peut aider \u00e0 soulager diff\u00e9rents types de douleur, comme les douleurs articulaires, les maux de dos ou les c\u00e9phal\u00e9es, des probl\u00e8mes souvent rencontr\u00e9s par les personnes \u00e2g\u00e9es.<\/li>\n\n\n\n<li><strong>Stimulation de la fonction intestinale<\/strong> : La r\u00e9flexologie peut aider \u00e0 am\u00e9liorer le fonctionnement intestinal, r\u00e9duisant ainsi les probl\u00e8mes de constipation, un souci courant chez les seniors.<\/li>\n\n\n\n<li><strong>Renforcement du syst\u00e8me immunitaire<\/strong> : En stimulant les syst\u00e8mes du corps, la r\u00e9flexologie peut aider \u00e0 renforcer le syst\u00e8me immunitaire, ce qui est crucial pour les seniors, souvent plus susceptibles de contracter des infections.<\/li>\n\n\n\n<li><strong>Am\u00e9lioration de la mobilit\u00e9 et de la flexibilit\u00e9<\/strong> : Pour les seniors souffrant de raideurs ou de limitations de mouvement, la r\u00e9flexologie peut contribuer \u00e0 am\u00e9liorer la mobilit\u00e9 et la flexibilit\u00e9.<\/li>\n<\/ul>\n\n\n\n<p>La r\u00e9flexologie est contre-indiqu\u00e9e pour les personnes souffrant de troubles cardiovasculaires (phl\u00e9bites, insuffisance cardiaque\u2026), de diab\u00e8te ou d\u2019hypertension <strong>sans traitement<\/strong>.<\/p>\n\n\n\n<p><strong>Les Packs Bien-\u00eatre<\/strong> <strong>pour vous sublimer<\/strong><\/p>\n\n\n\n<div class=\"wp-block-columns is-layout-flex wp-container-core-columns-is-layout-9d6595d7 wp-block-columns-is-layout-flex\">\n<div class=\"wp-block-column is-layout-flow wp-block-column-is-layout-flow\">\n<p class=\"has-luminous-vivid-amber-background-color has-background\"><strong>PACK BIEN-ETRE<\/strong> <br>3 s\u00e9ances de r\u00e9flexologie 90\u20ac <br>1 s\u00e9ance de r\u00e9flexologie\/semaine<br>pendant 1 mois<\/p>\n<\/div>\n\n\n\n<div class=\"wp-block-column is-layout-flow wp-block-column-is-layout-flow\">\n<p class=\"has-vivid-red-background-color has-background\"><strong>PACK ENERGIE<\/strong> <br>6 s\u00e9ances de r\u00e9flexologie 175\u20ac<br>1 s\u00e9ance de r\u00e9flexologie\/mois<br>pendant 6 mois<\/p>\n<\/div>\n\n\n\n<div class=\"wp-block-column is-layout-flow wp-block-column-is-layout-flow\">\n<p class=\"has-luminous-vivid-amber-background-color has-background\"><strong>PACK BIEN VIVRE<\/strong> <br>12 s\u00e9ances de r\u00e9flexologie 350\u20ac<br>1 s\u00e9ance de r\u00e9flexologie\/mois<br>pendant 1 an<\/p>\n<\/div>\n<\/div>\n\n\n<div class=\"wp-block-image\">\n<figure class=\"aligncenter size-full is-resized\"><img loading=\"lazy\" decoding=\"async\" width=\"121\" height=\"98\" src=\"http:\/\/reflexologue-nathalie-chabin.fr\/wp-content\/uploads\/2023\/08\/Favicon3.png\" alt=\"Logo nathalie Chabin R\u00e9flexologue\" class=\"wp-image-133\" style=\"width:53px;height:43px\" srcset=\"https:\/\/reflexologue-nathalie-chabin.fr\/wp-content\/uploads\/2023\/08\/Favicon3.png 121w, https:\/\/reflexologue-nathalie-chabin.fr\/wp-content\/uploads\/2023\/08\/Favicon3-74x60.png 74w\" sizes=\"auto, (max-width: 121px) 100vw, 121px\" \/><\/figure><\/div>\n\n\n<p>Je suis fi\u00e8re de collaborer avec des partenaires qui partagent mon engagement pour le bien-vieillir de nos a\u00een\u00e9s en leur proposant des soins en r\u00e9flexologie adapt\u00e9es \u00e0 leurs besoins sp\u00e9cifiques. Voici quelques-uns des \u00e9tablissement qui me font confiance :<\/p>\n\n\n\n<figure class=\"wp-block-image size-large is-resized\"><a href=\"https:\/\/www.emeis-group.com\/\"><img loading=\"lazy\" decoding=\"async\" width=\"1024\" height=\"816\" src=\"http:\/\/reflexologue-nathalie-chabin.fr\/wp-content\/uploads\/2024\/07\/EMEIS-logo-RVB_1-1024x816.png\" alt=\"EMEIS\" class=\"wp-image-418\" style=\"width:91px;height:72px\" srcset=\"https:\/\/reflexologue-nathalie-chabin.fr\/wp-content\/uploads\/2024\/07\/EMEIS-logo-RVB_1-1024x816.png 1024w, https:\/\/reflexologue-nathalie-chabin.fr\/wp-content\/uploads\/2024\/07\/EMEIS-logo-RVB_1-300x239.png 300w, https:\/\/reflexologue-nathalie-chabin.fr\/wp-content\/uploads\/2024\/07\/EMEIS-logo-RVB_1-768x612.png 768w, https:\/\/reflexologue-nathalie-chabin.fr\/wp-content\/uploads\/2024\/07\/EMEIS-logo-RVB_1-1536x1223.png 1536w, https:\/\/reflexologue-nathalie-chabin.fr\/wp-content\/uploads\/2024\/07\/EMEIS-logo-RVB_1-2048x1631.png 2048w, https:\/\/reflexologue-nathalie-chabin.fr\/wp-content\/uploads\/2024\/07\/EMEIS-logo-RVB_1-75x60.png 75w\" sizes=\"auto, (max-width: 1024px) 100vw, 1024px\" \/><\/a><\/figure>\n\n\n\n<p><strong>R\u00e9sidence du Lac<\/strong> &#8211; <strong>Flourens<\/strong><\/p>\n\n\n\n<p><strong>Maison de retraite Marengo Jolimont<\/strong> &#8211; Toulouse<\/p>\n\n\n\n<p><strong>Maison de retraite Domaine de Borderouge<\/strong><\/p>\n\n\n\n<p><\/p>\n\n\n\n<figure class=\"wp-block-image size-large is-resized\"><img loading=\"lazy\" decoding=\"async\" width=\"1024\" height=\"622\" src=\"http:\/\/reflexologue-nathalie-chabin.fr\/wp-content\/uploads\/2024\/07\/Korian_logo_2020.svg_-1024x622.png\" alt=\"Korian\" class=\"wp-image-420\" style=\"width:82px;height:50px\" srcset=\"https:\/\/reflexologue-nathalie-chabin.fr\/wp-content\/uploads\/2024\/07\/Korian_logo_2020.svg_-1024x622.png 1024w, https:\/\/reflexologue-nathalie-chabin.fr\/wp-content\/uploads\/2024\/07\/Korian_logo_2020.svg_-300x182.png 300w, https:\/\/reflexologue-nathalie-chabin.fr\/wp-content\/uploads\/2024\/07\/Korian_logo_2020.svg_-768x467.png 768w, https:\/\/reflexologue-nathalie-chabin.fr\/wp-content\/uploads\/2024\/07\/Korian_logo_2020.svg_-99x60.png 99w, https:\/\/reflexologue-nathalie-chabin.fr\/wp-content\/uploads\/2024\/07\/Korian_logo_2020.svg_.png 1280w\" sizes=\"auto, (max-width: 1024px) 100vw, 1024px\" \/><\/figure>\n\n\n\n<p><strong>Ehpad Korian La Ch\u00eaneraie au Lherm<\/strong><\/p>\n","protected":false},"excerpt":{"rendered":"<p>&#8220;Bien vieillir&#8221; S\u00e9ance bien-\u00eatre du corps et de l&#8217;esprit. Un accompagnement sp\u00e9cifique tout en bienveillance. Les seniors ont particuli\u00e8rement besoin d\u2019attention puisqu\u2019ils rencontrent de nombreux troubles avec l\u2019\u00e2ge. Pour les &hellip; <\/p>\n","protected":false},"author":1,"featured_media":0,"parent":0,"menu_order":0,"comment_status":"closed","ping_status":"closed","template":"","meta":{"om_disable_all_campaigns":false,"_monsterinsights_skip_tracking":false,"_monsterinsights_sitenote_active":false,"_monsterinsights_sitenote_note":"","_monsterinsights_sitenote_category":0,"footnotes":""},"class_list":["post-173","page","type-page","status-publish","hentry"],"aioseo_notices":[],"_links":{"self":[{"href":"https:\/\/reflexologue-nathalie-chabin.fr\/index.php\/wp-json\/wp\/v2\/pages\/173","targetHints":{"allow":["GET"]}}],"collection":[{"href":"https:\/\/reflexologue-nathalie-chabin.fr\/index.php\/wp-json\/wp\/v2\/pages"}],"about":[{"href":"https:\/\/reflexologue-nathalie-chabin.fr\/index.php\/wp-json\/wp\/v2\/types\/page"}],"author":[{"embeddable":true,"href":"https:\/\/reflexologue-nathalie-chabin.fr\/index.php\/wp-json\/wp\/v2\/users\/1"}],"replies":[{"embeddable":true,"href":"https:\/\/reflexologue-nathalie-chabin.fr\/index.php\/wp-json\/wp\/v2\/comments?post=173"}],"version-history":[{"count":19,"href":"https:\/\/reflexologue-nathalie-chabin.fr\/index.php\/wp-json\/wp\/v2\/pages\/173\/revisions"}],"predecessor-version":[{"id":679,"href":"https:\/\/reflexologue-nathalie-chabin.fr\/index.php\/wp-json\/wp\/v2\/pages\/173\/revisions\/679"}],"wp:attachment":[{"href":"https:\/\/reflexologue-nathalie-chabin.fr\/index.php\/wp-json\/wp\/v2\/media?parent=173"}],"curies":[{"name":"wp","href":"https:\/\/api.w.org\/{rel}","templated":true}]}}