{"id":171,"date":"2024-02-11T17:19:19","date_gmt":"2024-02-11T16:19:19","guid":{"rendered":"https:\/\/reflexologue-nathalie-chabin.fr\/?page_id=171"},"modified":"2024-07-16T13:02:20","modified_gmt":"2024-07-16T11:02:20","slug":"seance-de-reflexologie-personnalisee","status":"publish","type":"page","link":"https:\/\/reflexologue-nathalie-chabin.fr\/index.php\/seance-de-reflexologie-personnalisee\/","title":{"rendered":"S\u00e9ance de r\u00e9flexologie personnalis\u00e9e"},"content":{"rendered":"\n<p><strong>Apporter un moment de d\u00e9tente en apaisant les tensions physiques et \u00e9motionnelles<\/strong><\/p>\n\n\n\n<div class=\"wp-block-columns is-layout-flex wp-container-core-columns-is-layout-9d6595d7 wp-block-columns-is-layout-flex\">\n<div class=\"wp-block-column is-layout-flow wp-block-column-is-layout-flow\" style=\"flex-basis:33.33%\">\n<figure class=\"wp-block-image size-large is-style-default\"><img loading=\"lazy\" decoding=\"async\" width=\"683\" height=\"1024\" src=\"http:\/\/reflexologue-nathalie-chabin.fr\/wp-content\/uploads\/2024\/02\/DSC_0268-683x1024.jpg\" alt=\"R\u00e9flexologie palmaire\" class=\"wp-image-204\" srcset=\"https:\/\/reflexologue-nathalie-chabin.fr\/wp-content\/uploads\/2024\/02\/DSC_0268-683x1024.jpg 683w, https:\/\/reflexologue-nathalie-chabin.fr\/wp-content\/uploads\/2024\/02\/DSC_0268-200x300.jpg 200w, https:\/\/reflexologue-nathalie-chabin.fr\/wp-content\/uploads\/2024\/02\/DSC_0268-768x1152.jpg 768w, https:\/\/reflexologue-nathalie-chabin.fr\/wp-content\/uploads\/2024\/02\/DSC_0268-1024x1536.jpg 1024w, https:\/\/reflexologue-nathalie-chabin.fr\/wp-content\/uploads\/2024\/02\/DSC_0268-1365x2048.jpg 1365w, https:\/\/reflexologue-nathalie-chabin.fr\/wp-content\/uploads\/2024\/02\/DSC_0268-40x60.jpg 40w, https:\/\/reflexologue-nathalie-chabin.fr\/wp-content\/uploads\/2024\/02\/DSC_0268-scaled.jpg 1707w\" sizes=\"auto, (max-width: 683px) 100vw, 683px\" \/><\/figure>\n\n\n\n<figure class=\"wp-block-image size-large\"><img loading=\"lazy\" decoding=\"async\" width=\"683\" height=\"1024\" src=\"https:\/\/reflexologue-nathalie-chabin.fr\/wp-content\/uploads\/2024\/02\/DSC_0229-683x1024.jpg\" alt=\"\" class=\"wp-image-383\" srcset=\"https:\/\/reflexologue-nathalie-chabin.fr\/wp-content\/uploads\/2024\/02\/DSC_0229-683x1024.jpg 683w, https:\/\/reflexologue-nathalie-chabin.fr\/wp-content\/uploads\/2024\/02\/DSC_0229-200x300.jpg 200w, https:\/\/reflexologue-nathalie-chabin.fr\/wp-content\/uploads\/2024\/02\/DSC_0229-768x1152.jpg 768w, https:\/\/reflexologue-nathalie-chabin.fr\/wp-content\/uploads\/2024\/02\/DSC_0229-1024x1536.jpg 1024w, https:\/\/reflexologue-nathalie-chabin.fr\/wp-content\/uploads\/2024\/02\/DSC_0229-1365x2048.jpg 1365w, https:\/\/reflexologue-nathalie-chabin.fr\/wp-content\/uploads\/2024\/02\/DSC_0229-40x60.jpg 40w, https:\/\/reflexologue-nathalie-chabin.fr\/wp-content\/uploads\/2024\/02\/DSC_0229-scaled.jpg 1707w\" sizes=\"auto, (max-width: 683px) 100vw, 683px\" \/><\/figure>\n<\/div>\n\n\n\n<div class=\"wp-block-column is-layout-flow wp-block-column-is-layout-flow\" style=\"flex-basis:66.66%\">\n<p>S\u00e9ance personnalis\u00e9e de r\u00e9flexologie plantaire, palmaire, faciale, auriculaire et combin\u00e9e (soin dispens\u00e9 sur deux parties de votre corps).<\/p>\n\n\n\n<p>La s\u00e9ance d\u00e9bute par un moment d&#8217;\u00e9change afin de recueillir des informations sur votre \u00e9tat de sant\u00e9 g\u00e9n\u00e9ral, votre mode de vie et les objectifs sp\u00e9cifiques de la s\u00e9ance (par exemple, soulagement du stress, douleurs sp\u00e9cifiques, probl\u00e8mes de sommeil). Pendant cet entretien, je suis \u00e0 votre \u00e9coute et vous pouvez me faire part de votre demande, de vos attentes et de vos \u00e9ventuelles questions.<\/p>\n\n\n\n<p>Je vous pr\u00e9sente la r\u00e9flexologie m\u00e9thode Sonia Fischmann\u00ae  et mes diff\u00e9rentes techniques de simulations.<\/p>\n\n\n\n<p>Je vous installe en position confortable allong\u00e9(e) sur le dos. Je prends 5 minutes pour \u00e9tablir le protocole personnalis\u00e9 afin que le soin soit le plus adapt\u00e9 \u00e0 vos besoins.<\/p>\n\n\n\n<p>A l&#8217;issue du soin, je vous apprendrai des auto-stimulations de points r\u00e9flexes qui vous permettront de prolonger les effets du soin.<\/p>\n\n\n\n<p>En fin de s\u00e9ance, nous \u00e9changeons sur les sensations ressenties et nous envisageons ensemble un suivi bien-\u00eatre. <\/p>\n\n\n<div class=\"wp-block-image\">\n<figure class=\"aligncenter size-full is-resized\"><img loading=\"lazy\" decoding=\"async\" width=\"121\" height=\"98\" src=\"http:\/\/reflexologue-nathalie-chabin.fr\/wp-content\/uploads\/2023\/08\/Favicon3.png\" alt=\"Logo nathalie Chabin R\u00e9flexologue\" class=\"wp-image-133\" style=\"width:53px;height:43px\" srcset=\"https:\/\/reflexologue-nathalie-chabin.fr\/wp-content\/uploads\/2023\/08\/Favicon3.png 121w, https:\/\/reflexologue-nathalie-chabin.fr\/wp-content\/uploads\/2023\/08\/Favicon3-74x60.png 74w\" sizes=\"auto, (max-width: 121px) 100vw, 121px\" \/><\/figure><\/div>\n\n\n<p><em><strong>La r\u00e9flexologie est consid\u00e9r\u00e9e comme une approche compl\u00e9mentaire \u00e0 la m\u00e9decine conventionnelle et non comme un substitut. Elle s&#8217;inscrit dans le cadre des m\u00e9decines douces ou alternatives, visant \u00e0 am\u00e9liorer le bien-\u00eatre et \u00e0 soulager certains sympt\u00f4mes par des m\u00e9thodes naturelles.<\/strong><\/em><\/p>\n<\/div>\n<\/div>\n\n\n\n<p><\/p>\n","protected":false},"excerpt":{"rendered":"<p>Apporter un moment de d\u00e9tente en apaisant les tensions physiques et \u00e9motionnelles S\u00e9ance personnalis\u00e9e de r\u00e9flexologie plantaire, palmaire, faciale, auriculaire et combin\u00e9e (soin dispens\u00e9 sur deux parties de votre corps). &hellip; <\/p>\n","protected":false},"author":1,"featured_media":0,"parent":0,"menu_order":0,"comment_status":"closed","ping_status":"closed","template":"","meta":{"om_disable_all_campaigns":false,"_monsterinsights_skip_tracking":false,"_monsterinsights_sitenote_active":false,"_monsterinsights_sitenote_note":"","_monsterinsights_sitenote_category":0,"footnotes":""},"class_list":["post-171","page","type-page","status-publish","hentry"],"aioseo_notices":[],"_links":{"self":[{"href":"https:\/\/reflexologue-nathalie-chabin.fr\/index.php\/wp-json\/wp\/v2\/pages\/171","targetHints":{"allow":["GET"]}}],"collection":[{"href":"https:\/\/reflexologue-nathalie-chabin.fr\/index.php\/wp-json\/wp\/v2\/pages"}],"about":[{"href":"https:\/\/reflexologue-nathalie-chabin.fr\/index.php\/wp-json\/wp\/v2\/types\/page"}],"author":[{"embeddable":true,"href":"https:\/\/reflexologue-nathalie-chabin.fr\/index.php\/wp-json\/wp\/v2\/users\/1"}],"replies":[{"embeddable":true,"href":"https:\/\/reflexologue-nathalie-chabin.fr\/index.php\/wp-json\/wp\/v2\/comments?post=171"}],"version-history":[{"count":24,"href":"https:\/\/reflexologue-nathalie-chabin.fr\/index.php\/wp-json\/wp\/v2\/pages\/171\/revisions"}],"predecessor-version":[{"id":439,"href":"https:\/\/reflexologue-nathalie-chabin.fr\/index.php\/wp-json\/wp\/v2\/pages\/171\/revisions\/439"}],"wp:attachment":[{"href":"https:\/\/reflexologue-nathalie-chabin.fr\/index.php\/wp-json\/wp\/v2\/media?parent=171"}],"curies":[{"name":"wp","href":"https:\/\/api.w.org\/{rel}","templated":true}]}}