{"id":122,"date":"2023-08-16T18:38:25","date_gmt":"2023-08-16T16:38:25","guid":{"rendered":"https:\/\/reflexologue-nathalie-chabin.fr\/?page_id=122"},"modified":"2026-01-31T20:22:43","modified_gmt":"2026-01-31T19:22:43","slug":"votre-reflexologue","status":"publish","type":"page","link":"https:\/\/reflexologue-nathalie-chabin.fr\/index.php\/votre-reflexologue\/","title":{"rendered":"Votre r\u00e9flexologue"},"content":{"rendered":"\n<p class=\"has-large-font-size\"><strong>Nathalie Chabin<\/strong><\/p>\n\n\n\n<div class=\"wp-block-columns is-layout-flex wp-container-core-columns-is-layout-9d6595d7 wp-block-columns-is-layout-flex\">\n<div class=\"wp-block-column is-layout-flow wp-block-column-is-layout-flow\" style=\"flex-basis:33.33%\">\n<figure class=\"wp-block-gallery has-nested-images columns-default is-cropped wp-block-gallery-1 is-layout-flex wp-block-gallery-is-layout-flex\">\n<figure class=\"wp-block-image size-full\"><img loading=\"lazy\" decoding=\"async\" width=\"761\" height=\"761\" data-id=\"691\" src=\"http:\/\/reflexologue-nathalie-chabin.fr\/wp-content\/uploads\/2026\/01\/Nathalie2.png\" alt=\"\" class=\"wp-image-691\" srcset=\"https:\/\/reflexologue-nathalie-chabin.fr\/wp-content\/uploads\/2026\/01\/Nathalie2.png 761w, https:\/\/reflexologue-nathalie-chabin.fr\/wp-content\/uploads\/2026\/01\/Nathalie2-300x300.png 300w, https:\/\/reflexologue-nathalie-chabin.fr\/wp-content\/uploads\/2026\/01\/Nathalie2-150x150.png 150w, https:\/\/reflexologue-nathalie-chabin.fr\/wp-content\/uploads\/2026\/01\/Nathalie2-60x60.png 60w\" sizes=\"auto, (max-width: 761px) 100vw, 761px\" \/><\/figure>\n<\/figure>\n<\/div>\n\n\n\n<div class=\"wp-block-column is-layout-flow wp-block-column-is-layout-flow\" style=\"flex-basis:66.66%\">\n<p>\u2728 <strong>R\u00e9flexologue certifi\u00e9e de l\u2019\u00c9cole Internationale de R\u00e9flexologie (EIR)<\/strong>, je suis sp\u00e9cialis\u00e9e en :<\/p>\n\n\n\n<ul class=\"wp-block-list\">\n<li>R\u00e9flexologie pour les <strong>s\u00e9niors<\/strong><\/li>\n\n\n\n<li>R\u00e9flexologie en <strong>soins de support<\/strong><\/li>\n\n\n\n<li>R\u00e9flexologie en <strong>entreprises<\/strong><\/li>\n\n\n\n<li>Animatrice d&#8217;atelier d&#8217;<strong>auto-r\u00e9flexologie<\/strong><\/li>\n\n\n\n<li><strong>Assistante p\u00e9dagogique<\/strong> \u00e0 l\u2019EIR<\/li>\n<\/ul>\n\n\n\n<p>Je vous propose des soins personnalis\u00e9s de :<\/p>\n\n\n\n<ul class=\"wp-block-list\">\n<li>R\u00e9flexologie <strong>plantaire<\/strong><\/li>\n\n\n\n<li>R\u00e9flexologie <strong>palmaire<\/strong><\/li>\n\n\n\n<li>R\u00e9flexologie <strong>faciale<\/strong><\/li>\n\n\n\n<li>R\u00e9flexologie <strong>auriculaire<\/strong><\/li>\n\n\n\n<li>R\u00e9flexologie <strong>combin\u00e9e<\/strong><\/li>\n<\/ul>\n\n\n\n<p>Le tout selon la <strong>m\u00e9thode Sonia Fischmann\u00ae<\/strong>, reconnue pour sa pr\u00e9cision et son efficacit\u00e9.<\/p>\n\n\n\n<h2 class=\"wp-block-heading\">Mon parcours<\/h2>\n\n\n\n<p class=\"has-text-align-left\">\ud83c\udf31 Mon chemin vers la r\u00e9flexologie est n\u00e9 d\u2019une <strong>passion pour le bien-\u00eatre naturel<\/strong> et d\u2019une profonde envie d\u2019aider chacun \u00e0 retrouver son <strong>\u00e9quilibre int\u00e9rieur<\/strong>.<\/p>\n\n\n\n<p class=\"has-text-align-left\">Apr\u00e8s avoir moi-m\u00eame exp\u00e9riment\u00e9 les <strong>bienfaits de la r\u00e9flexologie<\/strong>, j\u2019ai choisi de me former \u00e0 cette pratique afin de l\u2019offrir \u00e0 ceux qui recherchent une <strong>approche douce et compl\u00e9mentaire<\/strong> pour am\u00e9liorer leur sant\u00e9 et leur vitalit\u00e9.<\/p>\n\n\n<div class=\"wp-block-image\">\n<figure class=\"aligncenter size-full is-resized\"><img loading=\"lazy\" decoding=\"async\" width=\"121\" height=\"98\" src=\"http:\/\/reflexologue-nathalie-chabin.fr\/wp-content\/uploads\/2023\/08\/Favicon3.png\" alt=\"Logo nathalie Chabin R\u00e9flexologue\" class=\"wp-image-133\" style=\"width:53px;height:43px\" srcset=\"https:\/\/reflexologue-nathalie-chabin.fr\/wp-content\/uploads\/2023\/08\/Favicon3.png 121w, https:\/\/reflexologue-nathalie-chabin.fr\/wp-content\/uploads\/2023\/08\/Favicon3-74x60.png 74w\" sizes=\"auto, (max-width: 121px) 100vw, 121px\" \/><\/figure><\/div>\n\n\n<h3 class=\"wp-block-heading\"><strong>Un accueil chaleureux et apaisant pour votre s\u00e9ance de r\u00e9flexologie<\/strong><\/h3>\n\n\n\n<p>D\u00e8s votre arriv\u00e9e, vous serez accueilli(e) dans un <strong>espace serein et harmonieux<\/strong>, sp\u00e9cialement con\u00e7u pour vous offrir une v\u00e9ritable pause bien-\u00eatre.<\/p>\n\n\n\n<p>\u2728 L\u2019atmosph\u00e8re est douce et relaxante :<\/p>\n\n\n\n<ul class=\"wp-block-list\">\n<li>lumi\u00e8re tamis\u00e9e <\/li>\n\n\n\n<li>senteurs d\u00e9licates d\u2019huiles essentielles <\/li>\n\n\n\n<li>musique apaisante en fond sonore <\/li>\n<\/ul>\n\n\n\n<p>Tout est pens\u00e9 pour vous aider \u00e0 <strong>d\u00e9connecter du stress quotidien<\/strong> d\u00e8s les premiers instants.<\/p>\n\n\n<div class=\"wp-block-image\">\n<figure class=\"aligncenter size-full is-resized\"><img loading=\"lazy\" decoding=\"async\" width=\"121\" height=\"98\" src=\"http:\/\/reflexologue-nathalie-chabin.fr\/wp-content\/uploads\/2023\/08\/Favicon3.png\" alt=\"Logo nathalie Chabin R\u00e9flexologue\" class=\"wp-image-133\" style=\"width:53px;height:43px\" srcset=\"https:\/\/reflexologue-nathalie-chabin.fr\/wp-content\/uploads\/2023\/08\/Favicon3.png 121w, https:\/\/reflexologue-nathalie-chabin.fr\/wp-content\/uploads\/2023\/08\/Favicon3-74x60.png 74w\" sizes=\"auto, (max-width: 121px) 100vw, 121px\" \/><\/figure><\/div>\n\n\n<p><strong>Ma philosophie<\/strong><\/p>\n\n\n\n<p>Mon objectif est de cr\u00e9er un <strong>climat de confiance et de s\u00e9r\u00e9nit\u00e9<\/strong>, o\u00f9 vous vous sentirez pleinement \u00e9cout\u00e9(e) et accompagn\u00e9(e).<\/p>\n\n\n\n<p>Les relations humaines, l\u2019\u00e9coute, le d\u00e9sir de contribuer au <strong>bien-\u00eatre<\/strong> d\u2019autrui et d\u2019<strong>apaiser les tensions physiques comme \u00e9motionnelles<\/strong>, ainsi que mon go\u00fbt pour une <strong>approche holistique<\/strong>, sont au c\u0153ur de mes motivations.<\/p>\n\n\n<div class=\"wp-block-image\">\n<figure class=\"aligncenter size-full is-resized\"><img loading=\"lazy\" decoding=\"async\" width=\"121\" height=\"98\" src=\"http:\/\/reflexologue-nathalie-chabin.fr\/wp-content\/uploads\/2023\/08\/Favicon3.png\" alt=\"Logo nathalie Chabin R\u00e9flexologue\" class=\"wp-image-133\" style=\"width:53px;height:43px\" srcset=\"https:\/\/reflexologue-nathalie-chabin.fr\/wp-content\/uploads\/2023\/08\/Favicon3.png 121w, https:\/\/reflexologue-nathalie-chabin.fr\/wp-content\/uploads\/2023\/08\/Favicon3-74x60.png 74w\" sizes=\"auto, (max-width: 121px) 100vw, 121px\" \/><\/figure><\/div>\n\n\n<p>Je vous invite \u00e0 <strong>d\u00e9couvrir les bienfaits de la r\u00e9flexologie<\/strong> lors d\u2019une s\u00e9ance personnalis\u00e9e. N\u2019h\u00e9sitez pas \u00e0 me contacter pour \u00e9changer sur vos besoins ou planifier un rendez-vous. <strong>Au plaisir de vous accompagner sur le chemin du bien-\u00eatre.<\/strong><\/p>\n\n\n\n<p>\ud83d\udc49 <strong>Prenez rendez-vous<\/strong> pour d\u00e9couvrir les bienfaits de la r\u00e9flexologie et offrez-vous un moment de d\u00e9tente et de ressourcement.<\/p>\n<\/div>\n<\/div>\n\n\n\n<p class=\"has-text-align-center\"><\/p>\n","protected":false},"excerpt":{"rendered":"<p>Nathalie Chabin \u2728 R\u00e9flexologue certifi\u00e9e de l\u2019\u00c9cole Internationale de R\u00e9flexologie (EIR), je suis sp\u00e9cialis\u00e9e en : Je vous propose des soins personnalis\u00e9s de : Le tout selon la m\u00e9thode Sonia &hellip; <\/p>\n","protected":false},"author":1,"featured_media":0,"parent":0,"menu_order":0,"comment_status":"closed","ping_status":"closed","template":"","meta":{"om_disable_all_campaigns":false,"_monsterinsights_skip_tracking":false,"_monsterinsights_sitenote_active":false,"_monsterinsights_sitenote_note":"","_monsterinsights_sitenote_category":0,"footnotes":""},"class_list":["post-122","page","type-page","status-publish","hentry"],"aioseo_notices":[],"_links":{"self":[{"href":"https:\/\/reflexologue-nathalie-chabin.fr\/index.php\/wp-json\/wp\/v2\/pages\/122","targetHints":{"allow":["GET"]}}],"collection":[{"href":"https:\/\/reflexologue-nathalie-chabin.fr\/index.php\/wp-json\/wp\/v2\/pages"}],"about":[{"href":"https:\/\/reflexologue-nathalie-chabin.fr\/index.php\/wp-json\/wp\/v2\/types\/page"}],"author":[{"embeddable":true,"href":"https:\/\/reflexologue-nathalie-chabin.fr\/index.php\/wp-json\/wp\/v2\/users\/1"}],"replies":[{"embeddable":true,"href":"https:\/\/reflexologue-nathalie-chabin.fr\/index.php\/wp-json\/wp\/v2\/comments?post=122"}],"version-history":[{"count":53,"href":"https:\/\/reflexologue-nathalie-chabin.fr\/index.php\/wp-json\/wp\/v2\/pages\/122\/revisions"}],"predecessor-version":[{"id":701,"href":"https:\/\/reflexologue-nathalie-chabin.fr\/index.php\/wp-json\/wp\/v2\/pages\/122\/revisions\/701"}],"wp:attachment":[{"href":"https:\/\/reflexologue-nathalie-chabin.fr\/index.php\/wp-json\/wp\/v2\/media?parent=122"}],"curies":[{"name":"wp","href":"https:\/\/api.w.org\/{rel}","templated":true}]}}