{"id":120,"date":"2023-08-16T18:34:54","date_gmt":"2023-08-16T16:34:54","guid":{"rendered":"https:\/\/reflexologue-nathalie-chabin.fr\/?page_id=120"},"modified":"2025-06-23T15:41:23","modified_gmt":"2025-06-23T13:41:23","slug":"la-reflexologie","status":"publish","type":"page","link":"https:\/\/reflexologue-nathalie-chabin.fr\/index.php\/la-reflexologie\/","title":{"rendered":"La r\u00e9flexologie"},"content":{"rendered":"\n<h2 class=\"wp-block-heading\">M\u00e9thode Sonia Fischmann \u00ae<\/h2>\n\n\n\n<p>Qu&#8217;est ce que c&#8217;est ?<\/p>\n\n\n\n<p><strong>UNE PRATIQUE INNOVANTE &#8211; R\u00c9FLEXOLOGIES COMBIN\u00c9ES<\/strong><\/p>\n\n\n\n<p class=\"has-text-align-left\">Inspir\u00e9e de m\u00e9thodes issues de courants occidentaux et orientaux, la m\u00e9thode Sonia Fischmann est n\u00e9e d\u2019une volont\u00e9 d\u2019allier douceur et efficacit\u00e9 autour d\u2019un soin afin de prendre en charge une probl\u00e9matique pr\u00e9cise (gestion du stress, des douleurs et des troubles fonctionnels associ\u00e9s) tout en recherchant une am\u00e9lioration profonde chez le b\u00e9n\u00e9ficiaire.<\/p>\n\n\n<div class=\"wp-block-image\">\n<figure class=\"aligncenter size-full is-resized\"><img loading=\"lazy\" decoding=\"async\" width=\"121\" height=\"98\" src=\"http:\/\/reflexologue-nathalie-chabin.fr\/wp-content\/uploads\/2023\/08\/Favicon3.png\" alt=\"Logo nathalie Chabin R\u00e9flexologue\" class=\"wp-image-133\" style=\"width:53px;height:43px\" srcset=\"https:\/\/reflexologue-nathalie-chabin.fr\/wp-content\/uploads\/2023\/08\/Favicon3.png 121w, https:\/\/reflexologue-nathalie-chabin.fr\/wp-content\/uploads\/2023\/08\/Favicon3-74x60.png 74w\" sizes=\"auto, (max-width: 121px) 100vw, 121px\" \/><\/figure><\/div>\n\n\n<p class=\"has-text-align-left\">La r\u00e9flexologie se base sur l\u2019existence d\u2019un tissu nerveux repr\u00e9sentant l\u2019ensemble du corps humain et ce, sur plusieurs zones anatomiques pr\u00e9cises appel\u00e9es micro-syst\u00e8mes (oreille, visage,main, pied).<\/p>\n\n\n<div class=\"wp-block-image\">\n<figure class=\"aligncenter size-full is-resized\"><img loading=\"lazy\" decoding=\"async\" width=\"121\" height=\"98\" src=\"http:\/\/reflexologue-nathalie-chabin.fr\/wp-content\/uploads\/2023\/08\/Favicon3.png\" alt=\"Logo nathalie Chabin R\u00e9flexologue\" class=\"wp-image-133\" style=\"width:53px;height:43px\" srcset=\"https:\/\/reflexologue-nathalie-chabin.fr\/wp-content\/uploads\/2023\/08\/Favicon3.png 121w, https:\/\/reflexologue-nathalie-chabin.fr\/wp-content\/uploads\/2023\/08\/Favicon3-74x60.png 74w\" sizes=\"auto, (max-width: 121px) 100vw, 121px\" \/><\/figure><\/div>\n\n\n<p class=\"has-text-align-left\">Chaque zone r\u00e9flexe correspond \u00e0 une glande, un organe, une fonction ou une partie pr\u00e9cise du corps. La stimulation de ces zones permet de donner une information au cortex c\u00e9r\u00e9bral afin que ce dernier redistribue l\u2019information via des canaux qui viendront r\u00e9guler la zone travaill\u00e9e.<\/p>\n\n\n<div class=\"wp-block-image\">\n<figure class=\"aligncenter size-full is-resized\"><img loading=\"lazy\" decoding=\"async\" width=\"121\" height=\"98\" src=\"http:\/\/reflexologue-nathalie-chabin.fr\/wp-content\/uploads\/2023\/08\/Favicon3.png\" alt=\"Logo nathalie Chabin R\u00e9flexologue\" class=\"wp-image-133\" style=\"width:53px;height:43px\" srcset=\"https:\/\/reflexologue-nathalie-chabin.fr\/wp-content\/uploads\/2023\/08\/Favicon3.png 121w, https:\/\/reflexologue-nathalie-chabin.fr\/wp-content\/uploads\/2023\/08\/Favicon3-74x60.png 74w\" sizes=\"auto, (max-width: 121px) 100vw, 121px\" \/><\/figure><\/div>\n\n\n<p class=\"has-text-align-left\">Par la r\u00e9flexologie, nous ressentons un \u00e9tat de d\u00e9tente, de bien-\u00eatre et un rel\u00e2chement des tensions physiques et \u00e9motionnelles.<br>Au travers d\u2019une \u00e9coute, d\u2019un recueil de donn\u00e9es, d\u2019une observation des zones cutan\u00e9es, je choisis de stimuler un ensemble de zones et de points r\u00e9flexes pr\u00e9sents sur un micro-syst\u00e8me en lien avec les zones \u00ab principales \u00bb perturb\u00e9es.<\/p>\n\n\n<div class=\"wp-block-image\">\n<figure class=\"aligncenter size-full is-resized\"><img loading=\"lazy\" decoding=\"async\" width=\"121\" height=\"98\" src=\"http:\/\/reflexologue-nathalie-chabin.fr\/wp-content\/uploads\/2023\/08\/Favicon3.png\" alt=\"Logo nathalie Chabin R\u00e9flexologue\" class=\"wp-image-133\" style=\"width:53px;height:43px\" srcset=\"https:\/\/reflexologue-nathalie-chabin.fr\/wp-content\/uploads\/2023\/08\/Favicon3.png 121w, https:\/\/reflexologue-nathalie-chabin.fr\/wp-content\/uploads\/2023\/08\/Favicon3-74x60.png 74w\" sizes=\"auto, (max-width: 121px) 100vw, 121px\" \/><\/figure><\/div>\n\n\n<p><strong>Les soins se caract\u00e9risent par :<\/strong><\/p>\n\n\n\n<ul class=\"wp-block-list\">\n<li>l\u2019utilisation d\u2019un ensemble de techniques manuelles, instrumentales et thermiques savamment \u00e9quilibr\u00e9es pour trouver une efficacit\u00e9 et une rapidit\u00e9 de r\u00e9sultats,<\/li>\n\n\n\n<li>la possibilit\u00e9 de combiner les micro-syst\u00e8mes (plantaire, palmaire, faciale, auriculaire) du corps pour potentialiser l\u2019effet du soin apportant une am\u00e9lioration des troubles d\u00e8s la 1\u00e8re s\u00e9ance,<\/li>\n\n\n\n<li>un enseignement de gestes d\u2019auto-stimulation au travers de graines de stimulation pour prolonger l\u2019effet de la s\u00e9ance \u00e0 domicile.<\/li>\n<\/ul>\n\n\n\n<p><em><strong>La r\u00e9flexologie est une approche diff\u00e9rente et compl\u00e9mentaire de la m\u00e9decine conventionnelle, toutefois, elle ne se substitue pas \u00e0 la m\u00e9decine conventionnelle.<\/strong><\/em><\/p>\n\n\n\n<p><\/p>\n","protected":false},"excerpt":{"rendered":"<p>M\u00e9thode Sonia Fischmann \u00ae Qu&#8217;est ce que c&#8217;est ? UNE PRATIQUE INNOVANTE &#8211; R\u00c9FLEXOLOGIES COMBIN\u00c9ES Inspir\u00e9e de m\u00e9thodes issues de courants occidentaux et orientaux, la m\u00e9thode Sonia Fischmann est n\u00e9e &hellip; <\/p>\n","protected":false},"author":1,"featured_media":0,"parent":0,"menu_order":0,"comment_status":"closed","ping_status":"closed","template":"","meta":{"om_disable_all_campaigns":false,"_monsterinsights_skip_tracking":false,"_monsterinsights_sitenote_active":false,"_monsterinsights_sitenote_note":"","_monsterinsights_sitenote_category":0,"footnotes":""},"class_list":["post-120","page","type-page","status-publish","hentry"],"aioseo_notices":[],"_links":{"self":[{"href":"https:\/\/reflexologue-nathalie-chabin.fr\/index.php\/wp-json\/wp\/v2\/pages\/120","targetHints":{"allow":["GET"]}}],"collection":[{"href":"https:\/\/reflexologue-nathalie-chabin.fr\/index.php\/wp-json\/wp\/v2\/pages"}],"about":[{"href":"https:\/\/reflexologue-nathalie-chabin.fr\/index.php\/wp-json\/wp\/v2\/types\/page"}],"author":[{"embeddable":true,"href":"https:\/\/reflexologue-nathalie-chabin.fr\/index.php\/wp-json\/wp\/v2\/users\/1"}],"replies":[{"embeddable":true,"href":"https:\/\/reflexologue-nathalie-chabin.fr\/index.php\/wp-json\/wp\/v2\/comments?post=120"}],"version-history":[{"count":14,"href":"https:\/\/reflexologue-nathalie-chabin.fr\/index.php\/wp-json\/wp\/v2\/pages\/120\/revisions"}],"predecessor-version":[{"id":643,"href":"https:\/\/reflexologue-nathalie-chabin.fr\/index.php\/wp-json\/wp\/v2\/pages\/120\/revisions\/643"}],"wp:attachment":[{"href":"https:\/\/reflexologue-nathalie-chabin.fr\/index.php\/wp-json\/wp\/v2\/media?parent=120"}],"curies":[{"name":"wp","href":"https:\/\/api.w.org\/{rel}","templated":true}]}}